{"id":777,"date":"2017-05-30T04:10:22","date_gmt":"2017-05-30T04:10:22","guid":{"rendered":"http:\/\/gallotiziano.it\/catalogo\/senza categoria\/anefil-t135\/"},"modified":"2017-05-30T04:10:22","modified_gmt":"2017-05-30T04:10:22","slug":"anefil-t135","status":"publish","type":"product","link":"https:\/\/gallotiziano.it\/en\/catalogo\/yarns-en\/anefil-poly-bonded-yarns\/anefil-t135\/","title":{"rendered":"ANEFIL T135"},"content":{"rendered":"<div class=\"page\" title=\"Page 1\">\n<div class=\"layoutArea\">\n<div class=\"column\">\n<h2 style=\"text-align: center;\"><span style=\"color: #d64444;\"><strong>ANEFIL T135<\/strong><\/span><\/h2>\n<p>Categoria: Poliestere filamento continuo ritorto bonderizzato<\/p>\n<div class=\"page\" title=\"Page 1\">\n<table cellspacing=\"0\" cellpadding=\"0\">\n<tbody>\n<tr>\n<td valign=\"middle\">Tex<\/td>\n<td valign=\"top\">tex<\/td>\n<td valign=\"top\">135<\/td>\n<\/tr>\n<tr>\n<td valign=\"middle\">Etichetta metrica<\/td>\n<td valign=\"top\">tkt<\/td>\n<td valign=\"top\">20<\/td>\n<\/tr>\n<tr>\n<td valign=\"middle\">Denari<\/td>\n<td valign=\"top\">den<\/td>\n<td valign=\"top\">1616<\/td>\n<\/tr>\n<tr>\n<td valign=\"middle\">Resistenza media alla rottura<\/td>\n<td valign=\"top\">Kg<\/td>\n<td valign=\"top\">9,072<\/td>\n<\/tr>\n<tr>\n<td valign=\"middle\">Allungamento medio alla rottura<\/td>\n<td valign=\"top\">%<\/td>\n<td valign=\"top\">22.48<\/td>\n<\/tr>\n<tr>\n<td valign=\"middle\">Metri per Cono (16 Once)<\/td>\n<td valign=\"top\"><\/td>\n<td valign=\"top\">2.525<\/td>\n<\/tr>\n<tr>\n<td valign=\"middle\">Restringimento Acqua bollente<\/td>\n<td valign=\"top\">%<\/td>\n<td valign=\"top\">&lt; 2<\/td>\n<\/tr>\n<tr>\n<td valign=\"middle\">Restringimento Aria calda<\/td>\n<td valign=\"top\">%<\/td>\n<td valign=\"top\">&lt; 4<\/td>\n<\/tr>\n<tr>\n<td valign=\"middle\">Resistenza del cappio<\/td>\n<td valign=\"top\">KG<\/td>\n<td valign=\"top\">11,44<\/td>\n<\/tr>\n<tr>\n<td valign=\"top\"><\/td>\n<td valign=\"top\"><\/td>\n<td valign=\"top\"><\/td>\n<\/tr>\n<tr>\n<td colspan=\"2\" valign=\"middle\">Resistenza della cucitura<\/td>\n<td valign=\"top\"><\/td>\n<\/tr>\n<tr>\n<td valign=\"middle\">301SSa-1 Punto annodato (3,2 punti per cm)<\/td>\n<td valign=\"top\">N<\/td>\n<td valign=\"middle\">108,86<\/td>\n<\/tr>\n<tr>\n<td valign=\"middle\">401SSa-1 Punto a catenella (3,2 punti per cm)<\/td>\n<td valign=\"top\">N<\/td>\n<td valign=\"middle\">123,38<\/td>\n<\/tr>\n<tr>\n<td valign=\"middle\">Misura dell&#8217;ago (Metrico)<\/td>\n<td valign=\"top\"><\/td>\n<td valign=\"middle\">140<\/td>\n<\/tr>\n<\/tbody>\n<\/table>\n<\/div>\n<\/div>\n<\/div>\n<\/div>\n<p>&nbsp;<\/p>\n","protected":false},"excerpt":{"rendered":"<p>The Anefil Poly Bonded yarn is made of 100% Bonderized Polyester HT (high tenacity) material. It is characterized by the technical perfection of bonderization, which allows the cohesion of the fibers between them forming a single article. Used for the most extreme and technical seams where the machine high speeds and material types are the most feared variables.<\/p>\n<p>The main uses of this yarn are multiple.<\/p>\n<p>Available titles are T45 (60Nm), T70 (40Nm), T90 (30Nm), T135 (20Nm), T210 (Nm12), T270 (Nm10), T350 (8Nm).<\/p>\n<p>&nbsp;<\/p>\n<p><i class=\"fa fa-table \" ><\/i><a href=\"http:\/\/gallotiziano.it\/tabella-colori-anefil\/\">ANEFIL POLY BONDED\u00a0available colors table<\/a><\/p>\n<p>&nbsp;<\/p>\n","protected":false},"featured_media":785,"comment_status":"closed","ping_status":"closed","template":"","meta":{"_monsterinsights_skip_tracking":false,"_monsterinsights_sitenote_active":false,"_monsterinsights_sitenote_note":"","_monsterinsights_sitenote_category":0},"etheme_brands":[],"product_cat":[77,83],"product_tag":[],"yoast_head":"<!-- This site is optimized with the Yoast SEO plugin v21.8 - https:\/\/yoast.com\/wordpress\/plugins\/seo\/ -->\n<title>ANEFIL T135 | GALLO TIZIANO &amp; C.<\/title>\n<meta name=\"description\" content=\"Il filato Anefil Poly Bonded \u00e8 composto da materiale 100% Poliestere HT (alta tenacit\u00e0) Bonderizzato. Pu\u00f2 essere utilizzato in molteplici campi.\" \/>\n<meta name=\"robots\" content=\"index, follow, max-snippet:-1, max-image-preview:large, max-video-preview:-1\" \/>\n<link rel=\"canonical\" href=\"https:\/\/gallotiziano.it\/catalogo\/filati\/anefil-poly-bonded-filati\/anefil-t135\/\" \/>\n<meta property=\"og:locale\" content=\"en_US\" \/>\n<meta property=\"og:type\" content=\"article\" \/>\n<meta property=\"og:title\" content=\"ANEFIL T135 | GALLO TIZIANO &amp; C.\" \/>\n<meta property=\"og:description\" content=\"Il filato Anefil Poly Bonded \u00e8 composto da materiale 100% Poliestere HT (alta tenacit\u00e0) Bonderizzato. Pu\u00f2 essere utilizzato in molteplici campi.\" \/>\n<meta property=\"og:url\" content=\"https:\/\/gallotiziano.it\/catalogo\/filati\/anefil-poly-bonded-filati\/anefil-t135\/\" \/>\n<meta property=\"og:site_name\" content=\"GALLO TIZIANO &amp; C.\" \/>\n<meta property=\"og:image\" content=\"https:\/\/gallotiziano.it\/wp-content\/uploads\/2017\/05\/GALLO-TIZIANO-and-C-Filati-43-ANEFIL-1920px.jpg\" \/>\n\t<meta property=\"og:image:width\" content=\"1920\" \/>\n\t<meta property=\"og:image:height\" content=\"1281\" \/>\n\t<meta property=\"og:image:type\" content=\"image\/jpeg\" \/>\n<meta name=\"twitter:card\" content=\"summary_large_image\" \/>\n<script type=\"application\/ld+json\" class=\"yoast-schema-graph\">{\"@context\":\"https:\/\/schema.org\",\"@graph\":[{\"@type\":\"WebPage\",\"@id\":\"https:\/\/gallotiziano.it\/catalogo\/filati\/anefil-poly-bonded-filati\/anefil-t135\/\",\"url\":\"https:\/\/gallotiziano.it\/catalogo\/filati\/anefil-poly-bonded-filati\/anefil-t135\/\",\"name\":\"ANEFIL T135 | GALLO TIZIANO &amp; C.\",\"isPartOf\":{\"@id\":\"https:\/\/gallotiziano.it\/#website\"},\"datePublished\":\"2017-05-30T04:10:22+00:00\",\"dateModified\":\"2017-05-30T04:10:22+00:00\",\"description\":\"Il filato Anefil Poly Bonded \u00e8 composto da materiale 100% Poliestere HT (alta tenacit\u00e0) Bonderizzato. Pu\u00f2 essere utilizzato in molteplici campi.\",\"breadcrumb\":{\"@id\":\"https:\/\/gallotiziano.it\/catalogo\/filati\/anefil-poly-bonded-filati\/anefil-t135\/#breadcrumb\"},\"inLanguage\":\"en-US\",\"potentialAction\":[{\"@type\":\"ReadAction\",\"target\":[\"https:\/\/gallotiziano.it\/catalogo\/filati\/anefil-poly-bonded-filati\/anefil-t135\/\"]}]},{\"@type\":\"BreadcrumbList\",\"@id\":\"https:\/\/gallotiziano.it\/catalogo\/filati\/anefil-poly-bonded-filati\/anefil-t135\/#breadcrumb\",\"itemListElement\":[{\"@type\":\"ListItem\",\"position\":1,\"name\":\"Home\",\"item\":\"https:\/\/gallotiziano.it\/en\/\"},{\"@type\":\"ListItem\",\"position\":2,\"name\":\"Shop\",\"item\":\"https:\/\/gallotiziano.it\/en\/shop\/\"},{\"@type\":\"ListItem\",\"position\":3,\"name\":\"ANEFIL T135\"}]},{\"@type\":\"WebSite\",\"@id\":\"https:\/\/gallotiziano.it\/#website\",\"url\":\"https:\/\/gallotiziano.it\/\",\"name\":\"GALLO TIZIANO &amp; C.\",\"description\":\"GT &amp; C. Sas FILATI E ACCESSORI TECNICI\",\"publisher\":{\"@id\":\"https:\/\/gallotiziano.it\/#organization\"},\"potentialAction\":[{\"@type\":\"SearchAction\",\"target\":{\"@type\":\"EntryPoint\",\"urlTemplate\":\"https:\/\/gallotiziano.it\/?s={search_term_string}\"},\"query-input\":\"required name=search_term_string\"}],\"inLanguage\":\"en-US\"},{\"@type\":\"Organization\",\"@id\":\"https:\/\/gallotiziano.it\/#organization\",\"name\":\"Gallo Tiziano & C.\",\"url\":\"https:\/\/gallotiziano.it\/\",\"logo\":{\"@type\":\"ImageObject\",\"inLanguage\":\"en-US\",\"@id\":\"https:\/\/gallotiziano.it\/#\/schema\/logo\/image\/\",\"url\":\"https:\/\/gallotiziano.it\/wp-content\/uploads\/2017\/07\/logo-GalloTizianoC-2016-mod-1.png\",\"contentUrl\":\"https:\/\/gallotiziano.it\/wp-content\/uploads\/2017\/07\/logo-GalloTizianoC-2016-mod-1.png\",\"width\":1057,\"height\":470,\"caption\":\"Gallo Tiziano & C.\"},\"image\":{\"@id\":\"https:\/\/gallotiziano.it\/#\/schema\/logo\/image\/\"}}]}<\/script>\n<!-- \/ Yoast SEO plugin. -->","yoast_head_json":{"title":"ANEFIL T135 | GALLO TIZIANO &amp; C.","description":"Il filato Anefil Poly Bonded \u00e8 composto da materiale 100% Poliestere HT (alta tenacit\u00e0) Bonderizzato. Pu\u00f2 essere utilizzato in molteplici campi.","robots":{"index":"index","follow":"follow","max-snippet":"max-snippet:-1","max-image-preview":"max-image-preview:large","max-video-preview":"max-video-preview:-1"},"canonical":"https:\/\/gallotiziano.it\/catalogo\/filati\/anefil-poly-bonded-filati\/anefil-t135\/","og_locale":"en_US","og_type":"article","og_title":"ANEFIL T135 | GALLO TIZIANO &amp; C.","og_description":"Il filato Anefil Poly Bonded \u00e8 composto da materiale 100% Poliestere HT (alta tenacit\u00e0) Bonderizzato. Pu\u00f2 essere utilizzato in molteplici campi.","og_url":"https:\/\/gallotiziano.it\/catalogo\/filati\/anefil-poly-bonded-filati\/anefil-t135\/","og_site_name":"GALLO TIZIANO &amp; C.","og_image":[{"width":1920,"height":1281,"url":"https:\/\/gallotiziano.it\/wp-content\/uploads\/2017\/05\/GALLO-TIZIANO-and-C-Filati-43-ANEFIL-1920px.jpg","type":"image\/jpeg"}],"twitter_card":"summary_large_image","schema":{"@context":"https:\/\/schema.org","@graph":[{"@type":"WebPage","@id":"https:\/\/gallotiziano.it\/catalogo\/filati\/anefil-poly-bonded-filati\/anefil-t135\/","url":"https:\/\/gallotiziano.it\/catalogo\/filati\/anefil-poly-bonded-filati\/anefil-t135\/","name":"ANEFIL T135 | GALLO TIZIANO &amp; C.","isPartOf":{"@id":"https:\/\/gallotiziano.it\/#website"},"datePublished":"2017-05-30T04:10:22+00:00","dateModified":"2017-05-30T04:10:22+00:00","description":"Il filato Anefil Poly Bonded \u00e8 composto da materiale 100% Poliestere HT (alta tenacit\u00e0) Bonderizzato. Pu\u00f2 essere utilizzato in molteplici campi.","breadcrumb":{"@id":"https:\/\/gallotiziano.it\/catalogo\/filati\/anefil-poly-bonded-filati\/anefil-t135\/#breadcrumb"},"inLanguage":"en-US","potentialAction":[{"@type":"ReadAction","target":["https:\/\/gallotiziano.it\/catalogo\/filati\/anefil-poly-bonded-filati\/anefil-t135\/"]}]},{"@type":"BreadcrumbList","@id":"https:\/\/gallotiziano.it\/catalogo\/filati\/anefil-poly-bonded-filati\/anefil-t135\/#breadcrumb","itemListElement":[{"@type":"ListItem","position":1,"name":"Home","item":"https:\/\/gallotiziano.it\/en\/"},{"@type":"ListItem","position":2,"name":"Shop","item":"https:\/\/gallotiziano.it\/en\/shop\/"},{"@type":"ListItem","position":3,"name":"ANEFIL T135"}]},{"@type":"WebSite","@id":"https:\/\/gallotiziano.it\/#website","url":"https:\/\/gallotiziano.it\/","name":"GALLO TIZIANO &amp; C.","description":"GT &amp; C. Sas FILATI E ACCESSORI TECNICI","publisher":{"@id":"https:\/\/gallotiziano.it\/#organization"},"potentialAction":[{"@type":"SearchAction","target":{"@type":"EntryPoint","urlTemplate":"https:\/\/gallotiziano.it\/?s={search_term_string}"},"query-input":"required name=search_term_string"}],"inLanguage":"en-US"},{"@type":"Organization","@id":"https:\/\/gallotiziano.it\/#organization","name":"Gallo Tiziano & C.","url":"https:\/\/gallotiziano.it\/","logo":{"@type":"ImageObject","inLanguage":"en-US","@id":"https:\/\/gallotiziano.it\/#\/schema\/logo\/image\/","url":"https:\/\/gallotiziano.it\/wp-content\/uploads\/2017\/07\/logo-GalloTizianoC-2016-mod-1.png","contentUrl":"https:\/\/gallotiziano.it\/wp-content\/uploads\/2017\/07\/logo-GalloTizianoC-2016-mod-1.png","width":1057,"height":470,"caption":"Gallo Tiziano & C."},"image":{"@id":"https:\/\/gallotiziano.it\/#\/schema\/logo\/image\/"}}]}},"_links":{"self":[{"href":"https:\/\/gallotiziano.it\/en\/wp-json\/wp\/v2\/product\/777"}],"collection":[{"href":"https:\/\/gallotiziano.it\/en\/wp-json\/wp\/v2\/product"}],"about":[{"href":"https:\/\/gallotiziano.it\/en\/wp-json\/wp\/v2\/types\/product"}],"replies":[{"embeddable":true,"href":"https:\/\/gallotiziano.it\/en\/wp-json\/wp\/v2\/comments?post=777"}],"wp:featuredmedia":[{"embeddable":true,"href":"https:\/\/gallotiziano.it\/en\/wp-json\/wp\/v2\/media\/785"}],"wp:attachment":[{"href":"https:\/\/gallotiziano.it\/en\/wp-json\/wp\/v2\/media?parent=777"}],"wp:term":[{"taxonomy":"brand","embeddable":true,"href":"https:\/\/gallotiziano.it\/en\/wp-json\/wp\/v2\/etheme_brands?post=777"},{"taxonomy":"product_cat","embeddable":true,"href":"https:\/\/gallotiziano.it\/en\/wp-json\/wp\/v2\/product_cat?post=777"},{"taxonomy":"product_tag","embeddable":true,"href":"https:\/\/gallotiziano.it\/en\/wp-json\/wp\/v2\/product_tag?post=777"}],"curies":[{"name":"wp","href":"https:\/\/api.w.org\/{rel}","templated":true}]}}